{"id":665,"date":"2024-05-05T17:38:53","date_gmt":"2024-05-05T17:38:53","guid":{"rendered":"https:\/\/www.edunova-ispa.org\/2ciipee\/?page_id=665"},"modified":"2024-05-24T10:03:10","modified_gmt":"2024-05-24T10:03:10","slug":"submissao","status":"publish","type":"page","link":"https:\/\/www.edunova-ispa.org\/2ciipee\/submissao\/","title":{"rendered":"Submiss\u00e3o"},"content":{"rendered":"\t\t<div data-elementor-type=\"wp-page\" data-elementor-id=\"665\" class=\"elementor elementor-665\" data-elementor-post-type=\"page\">\n\t\t\t\t<div class=\"has_eae_slider elementor-element elementor-element-77c09a2 e-flex e-con-boxed e-con e-parent\" data-eae-slider=\"36739\" data-id=\"77c09a2\" data-element_type=\"container\" data-e-type=\"container\">\n\t\t\t\t\t<div class=\"e-con-inner\">\n\t\t\t\t<div class=\"elementor-element elementor-element-48aafa3 elementor-widget elementor-widget-text-editor\" data-id=\"48aafa3\" data-element_type=\"widget\" data-e-type=\"widget\" data-widget_type=\"text-editor.default\">\n\t\t\t\t<div class=\"elementor-widget-container\">\n\t\t\t\t\t\t\t\t\t<p>As propostas de comunica\u00e7\u00f5es orais e posters dever\u00e3o ser submetidas de 01 de maio a 30 de junho de 2024. Aceitam-se propostas para comunica\u00e7\u00f5es em Portugu\u00eas e Espanhol. A aceita\u00e7\u00e3o ou recusa das propostas, ser\u00e1 comunicada aos proponentes at\u00e9 15 de julho de 2024.<\/p><p>A integra\u00e7\u00e3o das comunica\u00e7\u00f5es aceitadas no programa implica o pagamento da inscri\u00e7\u00e3o at\u00e9 dia 31 de julho de 2024.<\/p><p>O programa definitivo ser\u00e1 divulgado at\u00e9 7 de setembro de 2024.<\/p><p><a href=\"https:\/\/www.edunova-ispa.org\/2ciipee\/acesso\/\">Aceda \u00e0 sua \u00e1rea pessoal<\/a> ou <a href=\"https:\/\/www.edunova-ispa.org\/2ciipee\/acesso\/\" rel=\"noopener\">registe-se no site<\/a> a fim de submeter a sua(s) proposta(s).<\/p>\t\t\t\t\t\t\t\t<\/div>\n\t\t\t\t<\/div>\n\t\t\t\t\t<\/div>\n\t\t\t\t<\/div>\n\t\t\t\t<\/div>\n\t\t","protected":false},"excerpt":{"rendered":"<p>As propostas de comunica\u00e7\u00f5es orais e posters dever\u00e3o ser submetidas de 01 de maio a 30 de junho de 2024. Aceitam-se propostas [&hellip;]<\/p>\n","protected":false},"author":1,"featured_media":0,"parent":0,"menu_order":0,"comment_status":"closed","ping_status":"closed","template":"page-fullwidth.php","meta":{"footnotes":""},"class_list":["post-665","page","type-page","status-publish","hentry"],"_links":{"self":[{"href":"https:\/\/www.edunova-ispa.org\/2ciipee\/wp-json\/wp\/v2\/pages\/665","targetHints":{"allow":["GET"]}}],"collection":[{"href":"https:\/\/www.edunova-ispa.org\/2ciipee\/wp-json\/wp\/v2\/pages"}],"about":[{"href":"https:\/\/www.edunova-ispa.org\/2ciipee\/wp-json\/wp\/v2\/types\/page"}],"author":[{"embeddable":true,"href":"https:\/\/www.edunova-ispa.org\/2ciipee\/wp-json\/wp\/v2\/users\/1"}],"replies":[{"embeddable":true,"href":"https:\/\/www.edunova-ispa.org\/2ciipee\/wp-json\/wp\/v2\/comments?post=665"}],"version-history":[{"count":36,"href":"https:\/\/www.edunova-ispa.org\/2ciipee\/wp-json\/wp\/v2\/pages\/665\/revisions"}],"predecessor-version":[{"id":853,"href":"https:\/\/www.edunova-ispa.org\/2ciipee\/wp-json\/wp\/v2\/pages\/665\/revisions\/853"}],"wp:attachment":[{"href":"https:\/\/www.edunova-ispa.org\/2ciipee\/wp-json\/wp\/v2\/media?parent=665"}],"curies":[{"name":"wp","href":"https:\/\/api.w.org\/{rel}","templated":true}]}}