{"id":677,"date":"2024-05-05T17:51:57","date_gmt":"2024-05-05T17:51:57","guid":{"rendered":"https:\/\/www.edunova-ispa.org\/2ciipee\/?page_id=677"},"modified":"2024-07-09T22:56:47","modified_gmt":"2024-07-09T22:56:47","slug":"acesso","status":"publish","type":"page","link":"https:\/\/www.edunova-ispa.org\/2ciipee\/acesso\/","title":{"rendered":"Acesso"},"content":{"rendered":"<h5>J\u00e1 tem conta? aceda \u00e0 sua \u00e1rea pessoal para consultar e gerir os seus resumos<\/h5>\n<p style=\"text-align: left;\">[wpabstracts event_id=&#8221;1&#8243;]<\/p>\n<h5>Se n\u00e3o tem conta, registe-se aqui a fim de submeter resumos:<\/h5>\n<p style=\"text-align: left;\">[wpabstracts_register]<\/p>\n","protected":false},"excerpt":{"rendered":"<p>J\u00e1 tem conta? aceda \u00e0 sua \u00e1rea pessoal para consultar e gerir os seus resumos [wpabstracts event_id=&#8221;1&#8243;] Se n\u00e3o tem conta, registe-se [&hellip;]<\/p>\n","protected":false},"author":1,"featured_media":0,"parent":0,"menu_order":0,"comment_status":"closed","ping_status":"closed","template":"","meta":{"footnotes":""},"class_list":["post-677","page","type-page","status-publish","hentry"],"_links":{"self":[{"href":"https:\/\/www.edunova-ispa.org\/2ciipee\/wp-json\/wp\/v2\/pages\/677","targetHints":{"allow":["GET"]}}],"collection":[{"href":"https:\/\/www.edunova-ispa.org\/2ciipee\/wp-json\/wp\/v2\/pages"}],"about":[{"href":"https:\/\/www.edunova-ispa.org\/2ciipee\/wp-json\/wp\/v2\/types\/page"}],"author":[{"embeddable":true,"href":"https:\/\/www.edunova-ispa.org\/2ciipee\/wp-json\/wp\/v2\/users\/1"}],"replies":[{"embeddable":true,"href":"https:\/\/www.edunova-ispa.org\/2ciipee\/wp-json\/wp\/v2\/comments?post=677"}],"version-history":[{"count":25,"href":"https:\/\/www.edunova-ispa.org\/2ciipee\/wp-json\/wp\/v2\/pages\/677\/revisions"}],"predecessor-version":[{"id":941,"href":"https:\/\/www.edunova-ispa.org\/2ciipee\/wp-json\/wp\/v2\/pages\/677\/revisions\/941"}],"wp:attachment":[{"href":"https:\/\/www.edunova-ispa.org\/2ciipee\/wp-json\/wp\/v2\/media?parent=677"}],"curies":[{"name":"wp","href":"https:\/\/api.w.org\/{rel}","templated":true}]}}