{"id":732,"date":"2024-05-05T19:03:43","date_gmt":"2024-05-05T19:03:43","guid":{"rendered":"https:\/\/www.edunova-ispa.org\/2ciipee\/?page_id=732"},"modified":"2024-06-11T01:43:31","modified_gmt":"2024-06-11T01:43:31","slug":"normas-submissao","status":"publish","type":"page","link":"https:\/\/www.edunova-ispa.org\/2ciipee\/normas-submissao\/","title":{"rendered":"Normas submiss\u00e3o"},"content":{"rendered":"\t\t<div data-elementor-type=\"wp-page\" data-elementor-id=\"732\" class=\"elementor elementor-732\" data-elementor-post-type=\"page\">\n\t\t\t\t<div class=\"has_eae_slider elementor-element elementor-element-8aa5040 e-flex e-con-boxed e-con e-parent\" data-eae-slider=\"79039\" data-id=\"8aa5040\" data-element_type=\"container\" data-e-type=\"container\">\n\t\t\t\t\t<div class=\"e-con-inner\">\n\t\t\t\t<div class=\"elementor-element elementor-element-75b498e elementor-widget elementor-widget-text-editor\" data-id=\"75b498e\" data-element_type=\"widget\" data-e-type=\"widget\" data-widget_type=\"text-editor.default\">\n\t\t\t\t<div class=\"elementor-widget-container\">\n\t\t\t\t\t\t\t\t\t<h5><strong>NORMAS DAS PROPOSTAS<\/strong><\/h5><p>As propostas de comunica\u00e7\u00f5es orais e posters dever\u00e3o ser submetidas de 01 de maio a 30 de junho de 2024. Aceitam-se propostas para comunica\u00e7\u00f5es em Portugu\u00eas e Espanhol. A aceita\u00e7\u00e3o ou recusa das propostas, ser\u00e1 comunicada aos proponentes at\u00e9 15 de julho de 2024. A integra\u00e7\u00e3o das comunica\u00e7\u00f5es aceites, no programa, implica o pagamento da inscri\u00e7\u00e3o at\u00e9 dia 31 de julho de 2024. O programa definitivo ser\u00e1 divulgado at\u00e9 7 de setembro de 2024.<\/p><p>A Comiss\u00e3o Cient\u00edfica reserva-se o direito de propor a passagem das comunica\u00e7\u00f5es para um formato diferente do proposto pelos autores. A Comiss\u00e3o Organizadora informa que reserva a aceita\u00e7\u00e3o definitiva das propostas de comunica\u00e7\u00f5es a pessoas inscritas no congresso, pois pelo menos um dos autores de cada trabalho aceite para apresenta\u00e7\u00e3o, seja qual for a sua modalidade, dever\u00e1 estar inscrito formalmente no congresso. Cada inscri\u00e7\u00e3o s\u00f3 permite a apresenta\u00e7\u00e3o de duas comunica\u00e7\u00f5es, sendo uma comunica\u00e7\u00e3o oral e outra em formato poster. Os autores inscritos e que apresentem a sua comunica\u00e7\u00e3o, receber\u00e3o para al\u00e9m de um certificado de presen\u00e7a, um certificado de apresenta\u00e7\u00e3o de comunica\u00e7\u00e3o.<\/p><h6>COMUNICA\u00c7\u00d5ES ORAIS, POSTERS e simp\u00f3sios<\/h6><p>Para as <strong>comunica\u00e7\u00f5es orais<\/strong> e <strong>posters<\/strong> siga o seguinte formato para a proposta:<\/p><ul><li>T\u00edtulo de comunica\u00e7\u00e3o<\/li><li>Nome(es) do(s) Autor(es),<\/li><li>Institui\u00e7\u00e3o\/Institui\u00e7\u00f5es de Perten\u00e7a<\/li><li>Endere\u00e7o(s) eletr\u00f3nico(s) de contacto habitual<\/li><li>Resumo (n\u00e3o menos de 150 palavras e n\u00e3o mais de 250). O texto do resumo dever\u00e1 indicar sumariamente os objetivos da comunica\u00e7\u00e3o, enquadramento te\u00f3rico, metodologia empregue e resultados obtidos.<\/li><li>Palavras-Chave (3)<\/li><\/ul><p>Cada comunica\u00e7\u00e3o oral tem o tempo limite de 10 minutos, sendo disponibilizados posteriormente 5 minutos para discuss\u00e3o e quest\u00f5es. O controlo do tempo da apresenta\u00e7\u00e3o ser\u00e1 rigorosamente realizado pelo coordenador da mesa.<\/p><p>Os <strong>posters<\/strong> dever\u00e3o ter como medidas m\u00e1ximas 1m de largura e 1,20m de comprimento e ser apresentados com um tamanho de letra que permita a sua leitura a 1 metro de dist\u00e2ncia. Os posters ser\u00e3o organizados em sess\u00f5es tem\u00e1ticas onde se promover\u00e1 a sua apresenta\u00e7\u00e3o e discuss\u00e3o.<\/p><ul><li>T\u00edtulo do poster<\/li><li>Nome(es) do(s) Autor(es)<\/li><li>Institui\u00e7\u00e3o\/Institui\u00e7\u00f5es de Perten\u00e7a<\/li><li>Endere\u00e7o(s) eletr\u00f3nico(s) de contato habitual<\/li><li>Resumo (n\u00e3o menos de 150 palavras e n\u00e3o mais de 250). O texto do resumo dever\u00e1 indicar sumariamente os objetivos da comunica\u00e7\u00e3o, enquadramento te\u00f3rico, metodologia empregue e resultados obtidos.<\/li><\/ul><p>Para os <strong>Simp\u00f3sios<\/strong> siga o seguinte formato para a proposta:<\/p><ul><li>T\u00edtulo do simp\u00f3sio<\/li><li>Nome(es) do(s) Coordenador(es),<\/li><li>Institui\u00e7\u00e3o\/Institui\u00e7\u00f5es de Perten\u00e7a<\/li><li>Endere\u00e7o(s) eletr\u00f3nico(s) de contacto habitual<\/li><li>Resumo do simp\u00f3sio (n\u00e3o menos de 150 palavras e n\u00e3o mais de 250). O texto do resumo dever\u00e1 indicar sumariamente os objetivos do simp\u00f3sio e enquadramento das comunica\u00e7\u00f5es.<\/li><li>Palavras-Chave (3)<\/li><\/ul><p>Resumos das apresenta\u00e7\u00f5es:<\/p><ul><li>T\u00edtulo de comunica\u00e7\u00e3o<\/li><li>Nome(es) do(s) Autor(es),<\/li><li>Institui\u00e7\u00e3o\/Institui\u00e7\u00f5es de Perten\u00e7a<\/li><li>Endere\u00e7o(s) eletr\u00f3nico(s) de contacto habitual<\/li><li>Resumo (n\u00e3o menos de 150 palavras e n\u00e3o mais de 250). O texto do resumo dever\u00e1 indicar sumariamente os objetivos da comunica\u00e7\u00e3o, enquadramento te\u00f3rico, metodologia empregue e resultados obtidos.<\/li><\/ul><h6>TEXTO COMPLETO \u2013 ATAS e e-book<\/h6><p>Ser\u00e3o publicados em livro de atas em suporte digital (e-Book), com ISBN, textos completos referentes \u00e0s comunica\u00e7\u00f5es, desde que estes sejam enviados at\u00e9 30 de outubro de 2024, respeitem as normas de formata\u00e7\u00e3o e a inscri\u00e7\u00e3o de pelo menos um dos autores, esteja regularizada. Cada inscri\u00e7\u00e3o s\u00f3 permite a apresenta\u00e7\u00e3o de duas comunica\u00e7\u00f5es e a eventual publica\u00e7\u00e3o de um texto.<\/p><p>O texto completo da comunica\u00e7\u00e3o deve ser enviado em Word, seguindo as normas de formata\u00e7\u00e3o, para a organiza\u00e7\u00e3o do congresso atrav\u00e9s do e-mail <a href=\"mailto:2ciipee@edunova-ispa.org\">2ciipee@edunova-ispa.org<\/a>. No texto do email deve estar indicado o formato e t\u00edtulo da comunica\u00e7\u00e3o, \u00e1rea tem\u00e1tica e qual a inscri\u00e7\u00e3o (nome do autor inscrito) a que corresponde o texto apresentado. Consulte as normas de formata\u00e7\u00e3o do texto completo.<\/p><p><a href=\"https:\/\/www.edunova-ispa.org\/2ciipee\/acesso\/\"><br \/>Submeta a sua proposta<br \/><\/a><\/p>\t\t\t\t\t\t\t\t<\/div>\n\t\t\t\t<\/div>\n\t\t\t\t\t<\/div>\n\t\t\t\t<\/div>\n\t\t\t\t<\/div>\n\t\t","protected":false},"excerpt":{"rendered":"<p>NORMAS DAS PROPOSTAS As propostas de comunica\u00e7\u00f5es orais e posters dever\u00e3o ser submetidas de 01 de maio a 30 de junho de [&hellip;]<\/p>\n","protected":false},"author":1,"featured_media":0,"parent":0,"menu_order":0,"comment_status":"closed","ping_status":"closed","template":"page-fullwidth.php","meta":{"footnotes":""},"class_list":["post-732","page","type-page","status-publish","hentry"],"_links":{"self":[{"href":"https:\/\/www.edunova-ispa.org\/2ciipee\/wp-json\/wp\/v2\/pages\/732","targetHints":{"allow":["GET"]}}],"collection":[{"href":"https:\/\/www.edunova-ispa.org\/2ciipee\/wp-json\/wp\/v2\/pages"}],"about":[{"href":"https:\/\/www.edunova-ispa.org\/2ciipee\/wp-json\/wp\/v2\/types\/page"}],"author":[{"embeddable":true,"href":"https:\/\/www.edunova-ispa.org\/2ciipee\/wp-json\/wp\/v2\/users\/1"}],"replies":[{"embeddable":true,"href":"https:\/\/www.edunova-ispa.org\/2ciipee\/wp-json\/wp\/v2\/comments?post=732"}],"version-history":[{"count":36,"href":"https:\/\/www.edunova-ispa.org\/2ciipee\/wp-json\/wp\/v2\/pages\/732\/revisions"}],"predecessor-version":[{"id":882,"href":"https:\/\/www.edunova-ispa.org\/2ciipee\/wp-json\/wp\/v2\/pages\/732\/revisions\/882"}],"wp:attachment":[{"href":"https:\/\/www.edunova-ispa.org\/2ciipee\/wp-json\/wp\/v2\/media?parent=732"}],"curies":[{"name":"wp","href":"https:\/\/api.w.org\/{rel}","templated":true}]}}