{"id":746,"date":"2024-05-05T19:14:52","date_gmt":"2024-05-05T19:14:52","guid":{"rendered":"https:\/\/www.edunova-ispa.org\/2ciipee\/?page_id=746"},"modified":"2024-07-09T22:12:53","modified_gmt":"2024-07-09T22:12:53","slug":"precos-inscricao","status":"publish","type":"page","link":"https:\/\/www.edunova-ispa.org\/2ciipee\/precos-inscricao\/","title":{"rendered":"Pre\u00e7os inscri\u00e7\u00e3o"},"content":{"rendered":"\t\t<div data-elementor-type=\"wp-page\" data-elementor-id=\"746\" class=\"elementor elementor-746\" data-elementor-post-type=\"page\">\n\t\t\t\t<div class=\"has_eae_slider elementor-element elementor-element-f436b56 e-flex e-con-boxed e-con e-parent\" data-eae-slider=\"29982\" data-id=\"f436b56\" data-element_type=\"container\" data-e-type=\"container\">\n\t\t\t\t\t<div class=\"e-con-inner\">\n\t\t\t\t<div class=\"elementor-element elementor-element-953daac elementor-widget elementor-widget-text-editor\" data-id=\"953daac\" data-element_type=\"widget\" data-e-type=\"widget\" data-widget_type=\"text-editor.default\">\n\t\t\t\t<div class=\"elementor-widget-container\">\n\t\t\t\t\t\t\t\t\t<p>O congresso admite uma centena de comunica\u00e7\u00f5es, sendo respeitada a ordem de chegada ap\u00f3s a aprova\u00e7\u00e3o pela Comiss\u00e3o Coordenadora. Cada participante inscrito pode apresentar at\u00e9 duas comunica\u00e7\u00f5es, sendo uma delas em formato poster. Os autores que queiram constar do Programa dever\u00e3o efetuar a sua <a href=\"https:\/\/loja.ispa.pt\/pt-pt\/evento\/2o-congresso-internacional-de-investigacao-e-intervencao-em-psicologia-escolar-e-da-educacao\" target=\"_blank\" rel=\"noopener\">inscri\u00e7\u00e3o<\/a> obrigatoriamente na primeira fase (at\u00e9 31 de julho). Os autores de comunica\u00e7\u00f5es aceites que n\u00e3o efetuem a sua inscri\u00e7\u00e3o at\u00e9 31 de Julho de 2024 ser\u00e3o retirados do Programa.<\/p><p><strong>1\u00aa Fase: at\u00e9 31 de julho de 2024<br \/><\/strong><\/p><p style=\"padding-left: 40px;\">*S\u00f3cio da ADIPSIEDUC \/ Membro Entidade Organizadora: 25\u20ac<br \/>N\u00e3o s\u00f3cio ADIPSIEDUC: 50\u20ac<br \/>*Estudante: 25\u20ac<\/p><p><strong>2\u00aa Fase: at\u00e9 dia 27 de setembro de 2024<br \/><\/strong><\/p><p style=\"padding-left: 40px;\">S\u00f3cio da ADIPSIEDUC \/ Membro Entidade Organizadora: 40\u20ac<br \/>N\u00e3o s\u00f3cio da ADIPSIEDUC: 75\u20ac<br \/>Estudante: 40\u20ac<\/p><p>*S\u00f3cios da ADIPSIEDUC, membros das institui\u00e7\u00f5es \/ organiza\u00e7\u00f5es promotoras do congresso e estudantes usufruem do desconto na inscri\u00e7\u00e3o.<\/p><p>Comprovativos para usufruir dos <strong>descontos<\/strong>:<\/p><ul><li><strong>Estudantes <\/strong>dever\u00e3o apresentar uma fotografia do cart\u00e3o de estudante ou uma declara\u00e7\u00e3o da institui\u00e7\u00e3o, que <strong>comprove inscri\u00e7\u00e3o v\u00e1lida no ano letivo 2023\/2024<\/strong>.<\/li><\/ul>\t\t\t\t\t\t\t\t<\/div>\n\t\t\t\t<\/div>\n\t\t\t\t\t<\/div>\n\t\t\t\t<\/div>\n\t\t\t\t<\/div>\n\t\t","protected":false},"excerpt":{"rendered":"<p>O congresso admite uma centena de comunica\u00e7\u00f5es, sendo respeitada a ordem de chegada ap\u00f3s a aprova\u00e7\u00e3o pela Comiss\u00e3o Coordenadora. Cada participante inscrito [&hellip;]<\/p>\n","protected":false},"author":1,"featured_media":0,"parent":0,"menu_order":0,"comment_status":"closed","ping_status":"closed","template":"page-fullwidth.php","meta":{"footnotes":""},"class_list":["post-746","page","type-page","status-publish","hentry"],"_links":{"self":[{"href":"https:\/\/www.edunova-ispa.org\/2ciipee\/wp-json\/wp\/v2\/pages\/746","targetHints":{"allow":["GET"]}}],"collection":[{"href":"https:\/\/www.edunova-ispa.org\/2ciipee\/wp-json\/wp\/v2\/pages"}],"about":[{"href":"https:\/\/www.edunova-ispa.org\/2ciipee\/wp-json\/wp\/v2\/types\/page"}],"author":[{"embeddable":true,"href":"https:\/\/www.edunova-ispa.org\/2ciipee\/wp-json\/wp\/v2\/users\/1"}],"replies":[{"embeddable":true,"href":"https:\/\/www.edunova-ispa.org\/2ciipee\/wp-json\/wp\/v2\/comments?post=746"}],"version-history":[{"count":8,"href":"https:\/\/www.edunova-ispa.org\/2ciipee\/wp-json\/wp\/v2\/pages\/746\/revisions"}],"predecessor-version":[{"id":904,"href":"https:\/\/www.edunova-ispa.org\/2ciipee\/wp-json\/wp\/v2\/pages\/746\/revisions\/904"}],"wp:attachment":[{"href":"https:\/\/www.edunova-ispa.org\/2ciipee\/wp-json\/wp\/v2\/media?parent=746"}],"curies":[{"name":"wp","href":"https:\/\/api.w.org\/{rel}","templated":true}]}}