{"id":403,"date":"2025-02-04T21:22:42","date_gmt":"2025-02-04T21:22:42","guid":{"rendered":"https:\/\/www.edunova-ispa.org\/2cirpie\/?page_id=403"},"modified":"2025-03-05T17:07:34","modified_gmt":"2025-03-05T17:07:34","slug":"comissoes","status":"publish","type":"page","link":"https:\/\/www.edunova-ispa.org\/2cirpie\/comissoes\/","title":{"rendered":"comissoes"},"content":{"rendered":"\t\t<div data-elementor-type=\"wp-post\" data-elementor-id=\"403\" class=\"elementor elementor-403\" data-elementor-post-type=\"page\">\n\t\t\t\t<div class=\"has_eae_slider elementor-element elementor-element-f7b1c70 e-flex e-con-boxed e-con e-parent\" data-eae-slider=\"84940\" data-id=\"f7b1c70\" data-element_type=\"container\" data-e-type=\"container\">\n\t\t\t\t\t<div class=\"e-con-inner\">\n\t\t\t\t<div class=\"elementor-element elementor-element-ab7ed50 elementor-widget elementor-widget-heading\" data-id=\"ab7ed50\" data-element_type=\"widget\" data-e-type=\"widget\" data-widget_type=\"heading.default\">\n\t\t\t\t<div class=\"elementor-widget-container\">\n\t\t\t\t\t<h1 class=\"elementor-heading-title elementor-size-default\">II Col\u00f3quio Internacional de Reflex\u00e3o sobre Pr\u00e1ticas Integradas em Educa\u00e7\u00e3o<\/h1>\t\t\t\t<\/div>\n\t\t\t\t<\/div>\n\t\t\t\t<div class=\"elementor-element elementor-element-a6abecd elementor-widget-divider--view-line elementor-widget elementor-widget-divider\" data-id=\"a6abecd\" data-element_type=\"widget\" data-e-type=\"widget\" data-widget_type=\"divider.default\">\n\t\t\t\t<div class=\"elementor-widget-container\">\n\t\t\t\t\t\t\t<div class=\"elementor-divider\">\n\t\t\t<span class=\"elementor-divider-separator\">\n\t\t\t\t\t\t<\/span>\n\t\t<\/div>\n\t\t\t\t\t\t<\/div>\n\t\t\t\t<\/div>\n\t\t\t\t<div class=\"elementor-element elementor-element-b25c81e elementor-widget elementor-widget-image\" data-id=\"b25c81e\" data-element_type=\"widget\" data-e-type=\"widget\" data-widget_type=\"image.default\">\n\t\t\t\t<div class=\"elementor-widget-container\">\n\t\t\t\t\t\t\t\t\t\t\t\t\t\t\t<img decoding=\"async\" src=\"https:\/\/www.edunova-ispa.org\/2cirpie\/wp-content\/uploads\/sites\/3\/2025\/02\/header.png\" title=\"\" alt=\"\" loading=\"lazy\" \/>\t\t\t\t\t\t\t\t\t\t\t\t\t\t\t<\/div>\n\t\t\t\t<\/div>\n\t\t\t\t<div class=\"elementor-element elementor-element-9e4dc81 elementor-widget-divider--view-line elementor-widget elementor-widget-divider\" data-id=\"9e4dc81\" data-element_type=\"widget\" data-e-type=\"widget\" data-widget_type=\"divider.default\">\n\t\t\t\t<div class=\"elementor-widget-container\">\n\t\t\t\t\t\t\t<div class=\"elementor-divider\">\n\t\t\t<span class=\"elementor-divider-separator\">\n\t\t\t\t\t\t<\/span>\n\t\t<\/div>\n\t\t\t\t\t\t<\/div>\n\t\t\t\t<\/div>\n\t\t\t\t\t<\/div>\n\t\t\t\t<\/div>\n\t\t<div class=\"has_eae_slider elementor-element elementor-element-32c3819 e-flex e-con-boxed e-con e-parent\" data-eae-slider=\"59336\" data-id=\"32c3819\" data-element_type=\"container\" data-e-type=\"container\">\n\t\t\t\t\t<div class=\"e-con-inner\">\n\t\t<div class=\"has_eae_slider elementor-element elementor-element-378543b e-con-full e-flex e-con e-child\" data-eae-slider=\"84054\" data-id=\"378543b\" data-element_type=\"container\" data-e-type=\"container\">\n\t\t\t\t<div class=\"elementor-element elementor-element-3c0b14a elementor-widget elementor-widget-heading\" data-id=\"3c0b14a\" data-element_type=\"widget\" data-e-type=\"widget\" data-widget_type=\"heading.default\">\n\t\t\t\t<div class=\"elementor-widget-container\">\n\t\t\t\t\t<h2 class=\"elementor-heading-title elementor-size-default\">Comiss\u00e3o organizadora<\/h2>\t\t\t\t<\/div>\n\t\t\t\t<\/div>\n\t\t\t\t<\/div>\n\t\t<div class=\"has_eae_slider elementor-element elementor-element-b1f1d5a e-con-full e-flex e-con e-child\" data-eae-slider=\"22186\" data-id=\"b1f1d5a\" data-element_type=\"container\" data-e-type=\"container\">\n\t\t\t\t<div class=\"elementor-element elementor-element-b0c4c2f elementor-widget elementor-widget-text-editor\" data-id=\"b0c4c2f\" data-element_type=\"widget\" data-e-type=\"widget\" data-widget_type=\"text-editor.default\">\n\t\t\t\t<div class=\"elementor-widget-container\">\n\t\t\t\t\t\t\t\t\t<ul><li><strong>Ana Teresa Brito<\/strong><br \/>Ispa \u2013 Instituto Universit\u00e1rio<\/li><li><strong>Ana Santiago<\/strong><br \/>Escola Superior de Educa\u00e7\u00e3o do Instituto Polit\u00e9cnico de Coimbra<\/li><li><strong>Helena Rocha<\/strong><br \/>Faculdade de Ci\u00eancias e Tecnologia da Universidade Nova de Lisboa<\/li><li><strong>Jos\u00e9 Castro Silva<\/strong><br \/>Ispa \u2013 Instituto Universit\u00e1rio<\/li><li><strong>Lourdes Mata<\/strong><br \/>Ispa \u2013 Instituto Universit\u00e1rio<\/li><li><strong>M\u00f3nica Pereira<\/strong><br \/>Ispa \u2013 Instituto Universit\u00e1rio<\/li><li><strong>Nadia Ferreira<\/strong><br \/>Ispa \u2013 Instituto Universit\u00e1rio<\/li><li><strong>Nat\u00e1lia Albino Pires<\/strong><br \/>Escola Superior de Educa\u00e7\u00e3o do Instituto Polit\u00e9cnico de Coimbra<\/li><li><strong>S\u00edlvia Almeida<\/strong><br \/>Faculdade de Ci\u00eancias Sociais e Humanas da Universidade Nova de Lisboa<\/li><li><strong>Sofia Gon\u00e7alves<\/strong><br \/>Escola Superior de Educa\u00e7\u00e3o do Instituto Polit\u00e9cnico de Coimbra<\/li><li><strong>S\u00f3nia Cabral<\/strong><br \/>Ispa \u2013 Instituto Universit\u00e1rio<\/li><\/ul>\t\t\t\t\t\t\t\t<\/div>\n\t\t\t\t<\/div>\n\t\t\t\t<\/div>\n\t\t\t\t\t<\/div>\n\t\t\t\t<\/div>\n\t\t<div class=\"has_eae_slider elementor-element elementor-element-cfe4e16 e-flex e-con-boxed e-con e-parent\" data-eae-slider=\"49871\" data-id=\"cfe4e16\" data-element_type=\"container\" data-e-type=\"container\">\n\t\t\t\t\t<div class=\"e-con-inner\">\n\t\t<div class=\"has_eae_slider elementor-element elementor-element-cd720d1 e-con-full e-flex e-con e-child\" data-eae-slider=\"55601\" data-id=\"cd720d1\" data-element_type=\"container\" data-e-type=\"container\">\n\t\t\t\t<div class=\"elementor-element elementor-element-497595f elementor-widget elementor-widget-heading\" data-id=\"497595f\" data-element_type=\"widget\" data-e-type=\"widget\" data-widget_type=\"heading.default\">\n\t\t\t\t<div class=\"elementor-widget-container\">\n\t\t\t\t\t<h2 class=\"elementor-heading-title elementor-size-default\">Comiss\u00e3o cient\u00edfica<\/h2>\t\t\t\t<\/div>\n\t\t\t\t<\/div>\n\t\t\t\t<\/div>\n\t\t<div class=\"has_eae_slider elementor-element elementor-element-e7de35d e-con-full e-flex e-con e-child\" data-eae-slider=\"33197\" data-id=\"e7de35d\" data-element_type=\"container\" data-e-type=\"container\">\n\t\t\t\t<div class=\"elementor-element elementor-element-a05dd61 elementor-widget elementor-widget-text-editor\" data-id=\"a05dd61\" data-element_type=\"widget\" data-e-type=\"widget\" data-widget_type=\"text-editor.default\">\n\t\t\t\t<div class=\"elementor-widget-container\">\n\t\t\t\t\t\t\t\t\t<ul><li><strong>Ana Cristina Silva<\/strong><br \/>Ispa-Instituto Universit\u00e1rio<\/li><li><strong>Ant\u00f3nio Domingos<\/strong><br \/>Faculdade de Ci\u00eancias e Tecnologia da Universidade Nova de Lisboa<\/li><li><strong>Ant\u00f3nio Montiel<\/strong><br \/>Ispa-Instituto Universit\u00e1rio<\/li><li><strong>Assun\u00e7\u00e3o Folque<\/strong><br \/>Universidade de \u00c9vora<\/li><li><strong>Assun\u00e7\u00e3o Flores<\/strong><br \/>Instituto de Educa\u00e7\u00e3o da Universidade do Minho<\/li><li><strong>Cec\u00edlia Aguiar<\/strong><br \/>Iscte \u2013 Instituto Universit\u00e1rio de Lisboa<\/li><li><strong>Claisy Maria Marinho-Araujo<\/strong><br \/>Universidade de Bras\u00edlia<\/li><li><strong>Cristina Leandro<\/strong><br \/>Escola Superior de Educa\u00e7\u00e3o do Instituto Polit\u00e9cnico de Coimbra<\/li><li><strong>Denise Fleith<\/strong><br \/>Universidade de Bras\u00edlia<\/li><li><strong>Elisabete X. Gomes<\/strong><br \/>Escola Superior de Educa\u00e7\u00e3o do Instituto Polit\u00e9cnico de Set\u00fabal<\/li><li><strong>Estela Costa<\/strong><br \/>Instituto de Educa\u00e7\u00e3o da Universidade de Lisboa<\/li><li><strong>Fernando Martins<\/strong><br \/>Escola Superior de Educa\u00e7\u00e3o do Instituto Polit\u00e9cnico de Coimbra<\/li><li><strong>Filomena Teixeira<\/strong><br \/>Escola Superior de Educa\u00e7\u00e3o do Instituto Polit\u00e9cnico de Coimbra<\/li><li><strong>Francisco Peixoto<\/strong><br \/>Ispa-Instituto Universit\u00e1rio<\/li><li><strong>Frederico Lopes<\/strong><br \/>Faculdade de Motricidade Humana da Universidade de Lisboa<\/li><li><strong>Isabel Roboredo Seara<\/strong><br \/>Universidade Aberta<\/li><li><strong>Jane Machado<\/strong><br \/>CIDTFF da Universidade de Aveiro<\/li><li><strong>Leandro S. Almeida<\/strong><br \/>Escola de Psicologia da Universidade do Minho<\/li><li><strong>Liliana Salvador<\/strong><br \/>Ispa-Instituto Universit\u00e1rio<\/li><li><strong>Lu\u00eds Mota<\/strong><br \/>Escola Superior de Educa\u00e7\u00e3o do Instituto Polit\u00e9cnico de Coimbra<\/li><li><strong>Margarida Alves Martins<\/strong><br \/>Ispa-Instituto Universit\u00e1rio<\/li><li><strong>Marta Mateus Almeida<\/strong><br \/>Instituto de Educa\u00e7\u00e3o da Universidade de Lisboa<\/li><li><strong>Pedro Balaus<\/strong><br \/>Escola Superior de Educa\u00e7\u00e3o do Instituto Polit\u00e9cnico de Coimbra<\/li><li><strong>Rui Marques<\/strong><br \/>Instituto Padre Ant\u00f3nio Vieira<\/li><li><strong>Vera Monteiro<\/strong><br \/>Ispa-Instituto Universit\u00e1rio<\/li><li><strong>Vera do Vale<\/strong><br \/>Escola Superior de Educa\u00e7\u00e3o do Instituto Polit\u00e9cnico de Coimbra<\/li><li><strong>Sara de Barros Ara\u00fajo<\/strong><br \/>Ined \u2013 Centro de investiga\u00e7\u00e3o e Inova\u00e7\u00e3o em Educa\u00e7\u00e3o, Instituto Polit\u00e9cnico do Porto<\/li><li><strong>S\u00edlvia Ara\u00fajo de Barros<\/strong><br \/>Ined \u2013 Centro de investiga\u00e7\u00e3o e Inova\u00e7\u00e3o em Educa\u00e7\u00e3o, Instituto Polit\u00e9cnico do Porto<\/li><li><strong>S\u00f3nia Costa<\/strong><br \/>Ined &#8211; Centro de investiga\u00e7\u00e3o e Inova\u00e7\u00e3o em Educa\u00e7\u00e3o, Instituto Polit\u00e9cnico de Coimbra<\/li><li><strong>S\u00e9rgio Gaitas<\/strong><br \/>Ispa-Instituto Universit\u00e1rio<\/li><\/ul>\t\t\t\t\t\t\t\t<\/div>\n\t\t\t\t<\/div>\n\t\t\t\t<\/div>\n\t\t\t\t\t<\/div>\n\t\t\t\t<\/div>\n\t\t<div class=\"has_eae_slider elementor-element elementor-element-568a2f2 e-flex e-con-boxed e-con e-parent\" data-eae-slider=\"59875\" data-id=\"568a2f2\" data-element_type=\"container\" data-e-type=\"container\">\n\t\t\t\t\t<div class=\"e-con-inner\">\n\t\t<div class=\"has_eae_slider elementor-element elementor-element-a3c5b6e e-con-full e-flex e-con e-child\" data-eae-slider=\"64284\" data-id=\"a3c5b6e\" data-element_type=\"container\" data-e-type=\"container\">\n\t\t\t\t<div class=\"elementor-element elementor-element-b4832c3 elementor-widget elementor-widget-heading\" data-id=\"b4832c3\" data-element_type=\"widget\" data-e-type=\"widget\" data-widget_type=\"heading.default\">\n\t\t\t\t<div class=\"elementor-widget-container\">\n\t\t\t\t\t<h2 class=\"elementor-heading-title elementor-size-default\">Comiss\u00e3o de apoio<\/h2>\t\t\t\t<\/div>\n\t\t\t\t<\/div>\n\t\t\t\t<\/div>\n\t\t<div class=\"has_eae_slider elementor-element elementor-element-37bf0a2 e-con-full e-flex e-con e-child\" data-eae-slider=\"46477\" data-id=\"37bf0a2\" data-element_type=\"container\" data-e-type=\"container\">\n\t\t\t\t<div class=\"elementor-element elementor-element-62d6c18 elementor-widget elementor-widget-text-editor\" data-id=\"62d6c18\" data-element_type=\"widget\" data-e-type=\"widget\" data-widget_type=\"text-editor.default\">\n\t\t\t\t<div class=\"elementor-widget-container\">\n\t\t\t\t\t\t\t\t\t<ul><li><strong>Juliana Abra-Olivato<\/strong> (Doutoranda EDUNOVA.ISPA)<\/li><li><strong>Mafalda Leal Campos<\/strong> (Doutoranda EDUNOVA.ISPA)<\/li><li><strong>Maria Beatriz Gil<\/strong> (Doutoranda EDUNOVA.ISPA)<\/li><li><strong>Mariana Braz\u00e3o<\/strong> (Doutoranda EDUNOVA.ISPA)<\/li><li><strong>Susana Patr\u00edcia Costa<\/strong> (Doutoranda EDUNOVA.ISPA)<\/li><\/ul>\t\t\t\t\t\t\t\t<\/div>\n\t\t\t\t<\/div>\n\t\t\t\t<\/div>\n\t\t\t\t\t<\/div>\n\t\t\t\t<\/div>\n\t\t<div class=\"has_eae_slider elementor-element elementor-element-8cd0a14 e-flex e-con-boxed e-con e-parent\" data-eae-slider=\"4853\" data-id=\"8cd0a14\" data-element_type=\"container\" data-e-type=\"container\">\n\t\t\t\t\t<div class=\"e-con-inner\">\n\t\t\t\t<div class=\"elementor-element elementor-element-4b2080a elementor-widget-divider--view-line elementor-widget elementor-widget-divider\" data-id=\"4b2080a\" data-element_type=\"widget\" data-e-type=\"widget\" data-widget_type=\"divider.default\">\n\t\t\t\t<div class=\"elementor-widget-container\">\n\t\t\t\t\t\t\t<div class=\"elementor-divider\">\n\t\t\t<span class=\"elementor-divider-separator\">\n\t\t\t\t\t\t<\/span>\n\t\t<\/div>\n\t\t\t\t\t\t<\/div>\n\t\t\t\t<\/div>\n\t\t\t\t\t<\/div>\n\t\t\t\t<\/div>\n\t\t<div class=\"has_eae_slider elementor-element elementor-element-f4447e9 e-flex e-con-boxed e-con e-parent\" data-eae-slider=\"74208\" data-id=\"f4447e9\" data-element_type=\"container\" data-e-type=\"container\">\n\t\t\t\t\t<div class=\"e-con-inner\">\n\t\t<div class=\"has_eae_slider elementor-element elementor-element-8a8274f e-con-full e-flex e-con e-child\" data-eae-slider=\"80191\" data-id=\"8a8274f\" data-element_type=\"container\" data-e-type=\"container\">\n\t\t\t\t<div class=\"elementor-element elementor-element-bc24e96 elementor-widget elementor-widget-heading\" data-id=\"bc24e96\" data-element_type=\"widget\" data-e-type=\"widget\" data-widget_type=\"heading.default\">\n\t\t\t\t<div class=\"elementor-widget-container\">\n\t\t\t\t\t<h2 class=\"elementor-heading-title elementor-size-default\">Organiza\u00e7\u00e3o:<\/h2>\t\t\t\t<\/div>\n\t\t\t\t<\/div>\n\t\t\t\t<div class=\"elementor-element elementor-element-fcbf96b elementor-widget elementor-widget-image\" data-id=\"fcbf96b\" data-element_type=\"widget\" data-e-type=\"widget\" data-widget_type=\"image.default\">\n\t\t\t\t<div class=\"elementor-widget-container\">\n\t\t\t\t\t\t\t\t\t\t\t\t\t\t\t<img decoding=\"async\" src=\"https:\/\/www.edunova-ispa.org\/2cirpie\/wp-content\/uploads\/sites\/3\/2025\/02\/parceiros_organizacao.png\" title=\"\" alt=\"\" loading=\"lazy\" \/>\t\t\t\t\t\t\t\t\t\t\t\t\t\t\t<\/div>\n\t\t\t\t<\/div>\n\t\t\t\t<\/div>\n\t\t<div class=\"has_eae_slider elementor-element elementor-element-4669ead e-con-full e-flex e-con e-child\" data-eae-slider=\"3762\" data-id=\"4669ead\" data-element_type=\"container\" data-e-type=\"container\">\n\t\t<div class=\"has_eae_slider elementor-element elementor-element-4023285 e-con-full e-flex e-con e-child\" data-eae-slider=\"75642\" data-id=\"4023285\" data-element_type=\"container\" data-e-type=\"container\">\n\t\t\t\t<div class=\"elementor-element elementor-element-4363797 elementor-widget elementor-widget-text-editor\" data-id=\"4363797\" data-element_type=\"widget\" data-e-type=\"widget\" data-widget_type=\"text-editor.default\">\n\t\t\t\t<div class=\"elementor-widget-container\">\n\t\t\t\t\t\t\t\t\t<h3>Contactos:<\/h3><h6>Comiss\u00e3o Organizadora<\/h6><p>e-mail: 2cirpie@ispa.pt<\/p><h3>Local do evento:<\/h3><h6>ISPA &#8211; Instituto Universit\u00e1rio<\/h6><p>Rua Jardim do Tabaco, 34, 1149-041 Lisboa<\/p>\t\t\t\t\t\t\t\t<\/div>\n\t\t\t\t<\/div>\n\t\t\t\t<div class=\"elementor-element elementor-element-14a3c6e elementor-widget elementor-widget-google_maps\" data-id=\"14a3c6e\" data-element_type=\"widget\" data-e-type=\"widget\" data-widget_type=\"google_maps.default\">\n\t\t\t\t<div class=\"elementor-widget-container\">\n\t\t\t\t\t\t\t<div class=\"elementor-custom-embed\">\n\t\t\t<iframe loading=\"lazy\"\n\t\t\t\t\tsrc=\"https:\/\/maps.google.com\/maps?q=ISPA%2C%20Rua%20Jardim%20do%20Tabaco%2C%2034%2C%201149-041%2C%20Lisboa%2C%20Portugal&#038;t=m&#038;z=15&#038;output=embed&#038;iwloc=near\"\n\t\t\t\t\ttitle=\"ISPA, Rua Jardim do Tabaco, 34, 1149-041, Lisboa, Portugal\"\n\t\t\t\t\taria-label=\"ISPA, Rua Jardim do Tabaco, 34, 1149-041, Lisboa, Portugal\"\n\t\t\t><\/iframe>\n\t\t<\/div>\n\t\t\t\t\t\t<\/div>\n\t\t\t\t<\/div>\n\t\t\t\t<\/div>\n\t\t\t\t<\/div>\n\t\t\t\t\t<\/div>\n\t\t\t\t<\/div>\n\t\t\t\t<\/div>\n\t\t","protected":false},"excerpt":{"rendered":"<p>II Col\u00f3quio Internacional de Reflex\u00e3o sobre Pr\u00e1ticas Integradas em Educa\u00e7\u00e3o Comiss\u00e3o organizadora Ana Teresa BritoIspa \u2013 Instituto Universit\u00e1rio Ana SantiagoEscola Superior de Educa\u00e7\u00e3o do Instituto Polit\u00e9cnico de Coimbra Helena RochaFaculdade de Ci\u00eancias e Tecnologia da Universidade Nova de Lisboa Jos\u00e9 Castro SilvaIspa \u2013 Instituto Universit\u00e1rio Lourdes MataIspa \u2013 Instituto Universit\u00e1rio M\u00f3nica PereiraIspa \u2013 Instituto Universit\u00e1rio [&hellip;]<\/p>\n","protected":false},"author":1,"featured_media":0,"parent":0,"menu_order":0,"comment_status":"closed","ping_status":"closed","template":"","meta":{"footnotes":""},"class_list":["post-403","page","type-page","status-publish","hentry"],"_links":{"self":[{"href":"https:\/\/www.edunova-ispa.org\/2cirpie\/wp-json\/wp\/v2\/pages\/403","targetHints":{"allow":["GET"]}}],"collection":[{"href":"https:\/\/www.edunova-ispa.org\/2cirpie\/wp-json\/wp\/v2\/pages"}],"about":[{"href":"https:\/\/www.edunova-ispa.org\/2cirpie\/wp-json\/wp\/v2\/types\/page"}],"author":[{"embeddable":true,"href":"https:\/\/www.edunova-ispa.org\/2cirpie\/wp-json\/wp\/v2\/users\/1"}],"replies":[{"embeddable":true,"href":"https:\/\/www.edunova-ispa.org\/2cirpie\/wp-json\/wp\/v2\/comments?post=403"}],"version-history":[{"count":25,"href":"https:\/\/www.edunova-ispa.org\/2cirpie\/wp-json\/wp\/v2\/pages\/403\/revisions"}],"predecessor-version":[{"id":846,"href":"https:\/\/www.edunova-ispa.org\/2cirpie\/wp-json\/wp\/v2\/pages\/403\/revisions\/846"}],"wp:attachment":[{"href":"https:\/\/www.edunova-ispa.org\/2cirpie\/wp-json\/wp\/v2\/media?parent=403"}],"curies":[{"name":"wp","href":"https:\/\/api.w.org\/{rel}","templated":true}]}}