{"id":415,"date":"2025-02-04T21:37:08","date_gmt":"2025-02-04T21:37:08","guid":{"rendered":"https:\/\/www.edunova-ispa.org\/2cirpie\/?page_id=415"},"modified":"2025-05-14T16:37:54","modified_gmt":"2025-05-14T16:37:54","slug":"inscricoes","status":"publish","type":"page","link":"https:\/\/www.edunova-ispa.org\/2cirpie\/inscricoes\/","title":{"rendered":"inscricoes"},"content":{"rendered":"\t\t<div data-elementor-type=\"wp-post\" data-elementor-id=\"415\" class=\"elementor elementor-415\" data-elementor-post-type=\"page\">\n\t\t\t\t<div class=\"has_eae_slider elementor-element elementor-element-f7b1c70 e-flex e-con-boxed e-con e-parent\" data-eae-slider=\"69493\" data-id=\"f7b1c70\" data-element_type=\"container\" data-e-type=\"container\">\n\t\t\t\t\t<div class=\"e-con-inner\">\n\t\t\t\t<div class=\"elementor-element elementor-element-ab7ed50 elementor-widget elementor-widget-heading\" data-id=\"ab7ed50\" data-element_type=\"widget\" data-e-type=\"widget\" data-widget_type=\"heading.default\">\n\t\t\t\t<div class=\"elementor-widget-container\">\n\t\t\t\t\t<h1 class=\"elementor-heading-title elementor-size-default\">II Col\u00f3quio Internacional de Reflex\u00e3o sobre Pr\u00e1ticas Integradas em Educa\u00e7\u00e3o<\/h1>\t\t\t\t<\/div>\n\t\t\t\t<\/div>\n\t\t\t\t<div class=\"elementor-element elementor-element-a6abecd elementor-widget-divider--view-line elementor-widget elementor-widget-divider\" data-id=\"a6abecd\" data-element_type=\"widget\" data-e-type=\"widget\" data-widget_type=\"divider.default\">\n\t\t\t\t<div class=\"elementor-widget-container\">\n\t\t\t\t\t\t\t<div class=\"elementor-divider\">\n\t\t\t<span class=\"elementor-divider-separator\">\n\t\t\t\t\t\t<\/span>\n\t\t<\/div>\n\t\t\t\t\t\t<\/div>\n\t\t\t\t<\/div>\n\t\t\t\t<div class=\"elementor-element elementor-element-b25c81e elementor-widget elementor-widget-image\" data-id=\"b25c81e\" data-element_type=\"widget\" data-e-type=\"widget\" data-widget_type=\"image.default\">\n\t\t\t\t<div class=\"elementor-widget-container\">\n\t\t\t\t\t\t\t\t\t\t\t\t\t\t\t<img decoding=\"async\" src=\"https:\/\/www.edunova-ispa.org\/2cirpie\/wp-content\/uploads\/sites\/3\/2025\/02\/header.png\" title=\"\" alt=\"\" loading=\"lazy\" \/>\t\t\t\t\t\t\t\t\t\t\t\t\t\t\t<\/div>\n\t\t\t\t<\/div>\n\t\t\t\t<div class=\"elementor-element elementor-element-9e4dc81 elementor-widget-divider--view-line elementor-widget elementor-widget-divider\" data-id=\"9e4dc81\" data-element_type=\"widget\" data-e-type=\"widget\" data-widget_type=\"divider.default\">\n\t\t\t\t<div class=\"elementor-widget-container\">\n\t\t\t\t\t\t\t<div class=\"elementor-divider\">\n\t\t\t<span class=\"elementor-divider-separator\">\n\t\t\t\t\t\t<\/span>\n\t\t<\/div>\n\t\t\t\t\t\t<\/div>\n\t\t\t\t<\/div>\n\t\t\t\t\t<\/div>\n\t\t\t\t<\/div>\n\t\t<div class=\"has_eae_slider elementor-element elementor-element-278262b e-flex e-con-boxed e-con e-parent\" data-eae-slider=\"4448\" data-id=\"278262b\" data-element_type=\"container\" data-e-type=\"container\">\n\t\t\t\t\t<div class=\"e-con-inner\">\n\t\t\t\t<div class=\"elementor-element elementor-element-b730595 elementor-widget__width-initial elementor-widget elementor-widget-heading\" data-id=\"b730595\" data-element_type=\"widget\" data-e-type=\"widget\" data-widget_type=\"heading.default\">\n\t\t\t\t<div class=\"elementor-widget-container\">\n\t\t\t\t\t<h4 class=\"elementor-heading-title elementor-size-default\">Evento Presencial<\/h4>\t\t\t\t<\/div>\n\t\t\t\t<\/div>\n\t\t\t\t<div class=\"elementor-element elementor-element-bfbf8c5 elementor-widget elementor-widget-heading\" data-id=\"bfbf8c5\" data-element_type=\"widget\" data-e-type=\"widget\" data-widget_type=\"heading.default\">\n\t\t\t\t<div class=\"elementor-widget-container\">\n\t\t\t\t\t<h6 class=\"elementor-heading-title elementor-size-default\">Podendo ser online apenas para participantes que residam na CPLP.<\/h6>\t\t\t\t<\/div>\n\t\t\t\t<\/div>\n\t\t\t\t\t<\/div>\n\t\t\t\t<\/div>\n\t\t<div class=\"has_eae_slider elementor-element elementor-element-32c3819 e-flex e-con-boxed e-con e-parent\" data-eae-slider=\"71426\" data-id=\"32c3819\" data-element_type=\"container\" data-e-type=\"container\">\n\t\t\t\t\t<div class=\"e-con-inner\">\n\t\t<div class=\"has_eae_slider elementor-element elementor-element-378543b e-con-full e-flex e-con e-child\" data-eae-slider=\"80928\" data-id=\"378543b\" data-element_type=\"container\" data-e-type=\"container\">\n\t\t\t\t<div class=\"elementor-element elementor-element-3c0b14a elementor-widget elementor-widget-heading\" data-id=\"3c0b14a\" data-element_type=\"widget\" data-e-type=\"widget\" data-widget_type=\"heading.default\">\n\t\t\t\t<div class=\"elementor-widget-container\">\n\t\t\t\t\t<h2 class=\"elementor-heading-title elementor-size-default\">De 3 de abril a 11 junho de 2025<\/h2>\t\t\t\t<\/div>\n\t\t\t\t<\/div>\n\t\t\t\t<\/div>\n\t\t<div class=\"has_eae_slider elementor-element elementor-element-b1f1d5a e-con-full e-flex e-con e-child\" data-eae-slider=\"35335\" data-id=\"b1f1d5a\" data-element_type=\"container\" data-e-type=\"container\">\n\t\t\t\t<div class=\"elementor-element elementor-element-b0c4c2f elementor-widget elementor-widget-text-editor\" data-id=\"b0c4c2f\" data-element_type=\"widget\" data-e-type=\"widget\" data-widget_type=\"text-editor.default\">\n\t\t\t\t<div class=\"elementor-widget-container\">\n\t\t\t\t\t\t\t\t\t<p><strong>Inscri\u00e7\u00e3o a pre\u00e7o reduzido<\/strong> (para os autores de trabalhos e para o p\u00fablico em geral)<\/p><ul><li>50 euros \u2013 Participantes em geral (com ou sem comunica\u00e7\u00e3o)<\/li><li>25 euros \u2013 <span data-ogsb=\"yellow\" data-olk-copy-source=\"MessageBody\">Professores cooperantes ISPA- Instituto Universit\u00e1rio, Estudantes da ESEC e do ISPA- Instituto Universit\u00e1rio e ainda participantes <em>online<\/em> da CPLP<\/span>\u201d (com ou sem comunica\u00e7\u00e3o)<\/li><\/ul>\t\t\t\t\t\t\t\t<\/div>\n\t\t\t\t<\/div>\n\t\t\t\t<\/div>\n\t\t\t\t\t<\/div>\n\t\t\t\t<\/div>\n\t\t<div class=\"has_eae_slider elementor-element elementor-element-cfe4e16 e-flex e-con-boxed e-con e-parent\" data-eae-slider=\"21309\" data-id=\"cfe4e16\" data-element_type=\"container\" data-e-type=\"container\">\n\t\t\t\t\t<div class=\"e-con-inner\">\n\t\t<div class=\"has_eae_slider elementor-element elementor-element-cd720d1 e-con-full e-flex e-con e-child\" data-eae-slider=\"21080\" data-id=\"cd720d1\" data-element_type=\"container\" data-e-type=\"container\">\n\t\t\t\t<div class=\"elementor-element elementor-element-497595f elementor-widget elementor-widget-heading\" data-id=\"497595f\" data-element_type=\"widget\" data-e-type=\"widget\" data-widget_type=\"heading.default\">\n\t\t\t\t<div class=\"elementor-widget-container\">\n\t\t\t\t\t<h2 class=\"elementor-heading-title elementor-size-default\">Ap\u00f3s 12 de junho 2025<\/h2>\t\t\t\t<\/div>\n\t\t\t\t<\/div>\n\t\t\t\t<\/div>\n\t\t<div class=\"has_eae_slider elementor-element elementor-element-e7de35d e-con-full e-flex e-con e-child\" data-eae-slider=\"65562\" data-id=\"e7de35d\" data-element_type=\"container\" data-e-type=\"container\">\n\t\t\t\t<div class=\"elementor-element elementor-element-a05dd61 elementor-widget elementor-widget-text-editor\" data-id=\"a05dd61\" data-element_type=\"widget\" data-e-type=\"widget\" data-widget_type=\"text-editor.default\">\n\t\t\t\t<div class=\"elementor-widget-container\">\n\t\t\t\t\t\t\t\t\t<p><strong>Inscri\u00e7\u00e3o a pre\u00e7o normal<\/strong><\/p><ul><li>70 euros \u2013 Participantes em geral (com ou sem comunica\u00e7\u00e3o)<\/li><li>35 euros \u2013 <span data-ogsb=\"yellow\" data-olk-copy-source=\"MessageBody\">Professores cooperantes ISPA- Instituto Universit\u00e1rio, Estudantes da ESEC e do ISPA- Instituto Universit\u00e1rio e ainda participantes <em>online<\/em> da CPLP<\/span>\u201d (com ou sem comunica\u00e7\u00e3o)<\/li><\/ul>\t\t\t\t\t\t\t\t<\/div>\n\t\t\t\t<\/div>\n\t\t\t\t<\/div>\n\t\t\t\t\t<\/div>\n\t\t\t\t<\/div>\n\t\t<div class=\"has_eae_slider elementor-element elementor-element-d5a1327 e-flex e-con-boxed e-con e-parent\" data-eae-slider=\"57283\" data-id=\"d5a1327\" data-element_type=\"container\" data-e-type=\"container\">\n\t\t\t\t\t<div class=\"e-con-inner\">\n\t\t\t\t<div class=\"elementor-element elementor-element-3c4e2d4 elementor-widget elementor-widget-text-editor\" data-id=\"3c4e2d4\" data-element_type=\"widget\" data-e-type=\"widget\" data-widget_type=\"text-editor.default\">\n\t\t\t\t<div class=\"elementor-widget-container\">\n\t\t\t\t\t\t\t\t\t<p><strong>NOTAS<\/strong>: Tanto os participantes inscritos nas modalidades presencial como virtual podem participar no evento atrav\u00e9s do envio e apresenta\u00e7\u00e3o de comunica\u00e7\u00f5es. | Os autores de trabalhos dever\u00e3o ter a sua inscri\u00e7\u00e3o regularizada at\u00e9 dia 13 de junho de 2025, de modo a que as suas comunica\u00e7\u00f5es sejam integradas no Programa do Col\u00f3quio. | Cada autor inscrito poder\u00e1 apresentar duas comunica\u00e7\u00f5es, independentemente do n\u00famero de co-autorias. | Cada inscrito poder\u00e1 submeter duas comunica\u00e7\u00f5es, independentemente do n\u00famero de autores e autorias.<\/p>\t\t\t\t\t\t\t\t<\/div>\n\t\t\t\t<\/div>\n\t\t\t\t\t<\/div>\n\t\t\t\t<\/div>\n\t\t<div class=\"has_eae_slider elementor-element elementor-element-cca0554 e-flex e-con-boxed e-con e-parent\" data-eae-slider=\"76574\" data-id=\"cca0554\" data-element_type=\"container\" data-e-type=\"container\">\n\t\t\t\t\t<div class=\"e-con-inner\">\n\t\t\t\t<div class=\"elementor-element elementor-element-1c96a13 elementor-widget elementor-widget-button\" data-id=\"1c96a13\" data-element_type=\"widget\" data-e-type=\"widget\" data-widget_type=\"button.default\">\n\t\t\t\t<div class=\"elementor-widget-container\">\n\t\t\t\t\t\t\t\t\t<div class=\"elementor-button-wrapper\">\n\t\t\t\t\t<a class=\"elementor-button elementor-button-link elementor-size-sm\" href=\"https:\/\/loja.ispa.pt\/pt-pt\/evento\/ii-coloquio-internacional-de-reflexao-sobre-praticas-integradas-em-educacao\" target=\"_blank\">\n\t\t\t\t\t\t<span class=\"elementor-button-content-wrapper\">\n\t\t\t\t\t\t\t\t\t<span class=\"elementor-button-text\">Inscreva-se aqui!<\/span>\n\t\t\t\t\t<\/span>\n\t\t\t\t\t<\/a>\n\t\t\t\t<\/div>\n\t\t\t\t\t\t\t\t<\/div>\n\t\t\t\t<\/div>\n\t\t\t\t\t<\/div>\n\t\t\t\t<\/div>\n\t\t<div class=\"has_eae_slider elementor-element elementor-element-8cd0a14 e-flex e-con-boxed e-con e-parent\" data-eae-slider=\"96089\" data-id=\"8cd0a14\" data-element_type=\"container\" data-e-type=\"container\">\n\t\t\t\t\t<div class=\"e-con-inner\">\n\t\t\t\t<div class=\"elementor-element elementor-element-4b2080a elementor-widget-divider--view-line elementor-widget elementor-widget-divider\" data-id=\"4b2080a\" data-element_type=\"widget\" data-e-type=\"widget\" data-widget_type=\"divider.default\">\n\t\t\t\t<div class=\"elementor-widget-container\">\n\t\t\t\t\t\t\t<div class=\"elementor-divider\">\n\t\t\t<span class=\"elementor-divider-separator\">\n\t\t\t\t\t\t<\/span>\n\t\t<\/div>\n\t\t\t\t\t\t<\/div>\n\t\t\t\t<\/div>\n\t\t\t\t\t<\/div>\n\t\t\t\t<\/div>\n\t\t<div class=\"has_eae_slider elementor-element elementor-element-f4447e9 e-flex e-con-boxed e-con e-parent\" data-eae-slider=\"43382\" data-id=\"f4447e9\" data-element_type=\"container\" data-e-type=\"container\">\n\t\t\t\t\t<div class=\"e-con-inner\">\n\t\t<div class=\"has_eae_slider elementor-element elementor-element-8a8274f e-con-full e-flex e-con e-child\" data-eae-slider=\"79354\" data-id=\"8a8274f\" data-element_type=\"container\" data-e-type=\"container\">\n\t\t\t\t<div class=\"elementor-element elementor-element-bc24e96 elementor-widget elementor-widget-heading\" data-id=\"bc24e96\" data-element_type=\"widget\" data-e-type=\"widget\" data-widget_type=\"heading.default\">\n\t\t\t\t<div class=\"elementor-widget-container\">\n\t\t\t\t\t<h3 class=\"elementor-heading-title elementor-size-default\">Organiza\u00e7\u00e3o:<\/h3>\t\t\t\t<\/div>\n\t\t\t\t<\/div>\n\t\t\t\t<div class=\"elementor-element elementor-element-fcbf96b elementor-widget elementor-widget-image\" data-id=\"fcbf96b\" data-element_type=\"widget\" data-e-type=\"widget\" data-widget_type=\"image.default\">\n\t\t\t\t<div class=\"elementor-widget-container\">\n\t\t\t\t\t\t\t\t\t\t\t\t\t\t\t<img decoding=\"async\" src=\"https:\/\/www.edunova-ispa.org\/2cirpie\/wp-content\/uploads\/sites\/3\/2025\/02\/parceiros_organizacao.png\" title=\"\" alt=\"\" loading=\"lazy\" \/>\t\t\t\t\t\t\t\t\t\t\t\t\t\t\t<\/div>\n\t\t\t\t<\/div>\n\t\t\t\t<\/div>\n\t\t<div class=\"has_eae_slider elementor-element elementor-element-4669ead e-con-full e-flex e-con e-child\" data-eae-slider=\"20658\" data-id=\"4669ead\" data-element_type=\"container\" data-e-type=\"container\">\n\t\t<div class=\"has_eae_slider elementor-element elementor-element-4023285 e-con-full e-flex e-con e-child\" data-eae-slider=\"67708\" data-id=\"4023285\" data-element_type=\"container\" data-e-type=\"container\">\n\t\t\t\t<div class=\"elementor-element elementor-element-4363797 elementor-widget elementor-widget-text-editor\" data-id=\"4363797\" data-element_type=\"widget\" data-e-type=\"widget\" data-widget_type=\"text-editor.default\">\n\t\t\t\t<div class=\"elementor-widget-container\">\n\t\t\t\t\t\t\t\t\t<h3>Contactos:<\/h3><h6>Comiss\u00e3o Organizadora<\/h6><p>e-mail: 2cirpie@ispa.pt<\/p><h3>Local do evento:<\/h3><h6>ISPA &#8211; Instituto Universit\u00e1rio<\/h6><p>Rua Jardim do Tabaco, 34, 1149-041 Lisboa<\/p>\t\t\t\t\t\t\t\t<\/div>\n\t\t\t\t<\/div>\n\t\t\t\t<div class=\"elementor-element elementor-element-14a3c6e elementor-widget elementor-widget-google_maps\" data-id=\"14a3c6e\" data-element_type=\"widget\" data-e-type=\"widget\" data-widget_type=\"google_maps.default\">\n\t\t\t\t<div class=\"elementor-widget-container\">\n\t\t\t\t\t\t\t<div class=\"elementor-custom-embed\">\n\t\t\t<iframe loading=\"lazy\"\n\t\t\t\t\tsrc=\"https:\/\/maps.google.com\/maps?q=ISPA%2C%20Rua%20Jardim%20do%20Tabaco%2C%2034%2C%201149-041%2C%20Lisboa%2C%20Portugal&#038;t=m&#038;z=15&#038;output=embed&#038;iwloc=near\"\n\t\t\t\t\ttitle=\"ISPA, Rua Jardim do Tabaco, 34, 1149-041, Lisboa, Portugal\"\n\t\t\t\t\taria-label=\"ISPA, Rua Jardim do Tabaco, 34, 1149-041, Lisboa, Portugal\"\n\t\t\t><\/iframe>\n\t\t<\/div>\n\t\t\t\t\t\t<\/div>\n\t\t\t\t<\/div>\n\t\t\t\t<\/div>\n\t\t\t\t<\/div>\n\t\t\t\t\t<\/div>\n\t\t\t\t<\/div>\n\t\t\t\t<\/div>\n\t\t","protected":false},"excerpt":{"rendered":"<p>II Col\u00f3quio Internacional de Reflex\u00e3o sobre Pr\u00e1ticas Integradas em Educa\u00e7\u00e3o Evento Presencial Podendo ser online apenas para participantes que residam na CPLP. De 3 de abril a 11 junho de 2025 Inscri\u00e7\u00e3o a pre\u00e7o reduzido (para os autores de trabalhos e para o p\u00fablico em geral) 50 euros \u2013 Participantes em geral (com ou sem [&hellip;]<\/p>\n","protected":false},"author":1,"featured_media":0,"parent":0,"menu_order":0,"comment_status":"closed","ping_status":"closed","template":"","meta":{"footnotes":""},"class_list":["post-415","page","type-page","status-publish","hentry"],"_links":{"self":[{"href":"https:\/\/www.edunova-ispa.org\/2cirpie\/wp-json\/wp\/v2\/pages\/415","targetHints":{"allow":["GET"]}}],"collection":[{"href":"https:\/\/www.edunova-ispa.org\/2cirpie\/wp-json\/wp\/v2\/pages"}],"about":[{"href":"https:\/\/www.edunova-ispa.org\/2cirpie\/wp-json\/wp\/v2\/types\/page"}],"author":[{"embeddable":true,"href":"https:\/\/www.edunova-ispa.org\/2cirpie\/wp-json\/wp\/v2\/users\/1"}],"replies":[{"embeddable":true,"href":"https:\/\/www.edunova-ispa.org\/2cirpie\/wp-json\/wp\/v2\/comments?post=415"}],"version-history":[{"count":70,"href":"https:\/\/www.edunova-ispa.org\/2cirpie\/wp-json\/wp\/v2\/pages\/415\/revisions"}],"predecessor-version":[{"id":1126,"href":"https:\/\/www.edunova-ispa.org\/2cirpie\/wp-json\/wp\/v2\/pages\/415\/revisions\/1126"}],"wp:attachment":[{"href":"https:\/\/www.edunova-ispa.org\/2cirpie\/wp-json\/wp\/v2\/media?parent=415"}],"curies":[{"name":"wp","href":"https:\/\/api.w.org\/{rel}","templated":true}]}}